{"id":6526,"date":"2022-08-08T15:29:51","date_gmt":"2022-08-08T15:29:51","guid":{"rendered":"https:\/\/denteeth.cl\/solucionesdigitales\/?page_id=6526"},"modified":"2024-07-23T20:16:45","modified_gmt":"2024-07-23T20:16:45","slug":"bandeja","status":"publish","type":"page","link":"https:\/\/denteeth.cl\/solucionesdigitales\/bandeja\/","title":{"rendered":"BANDEJA"},"content":{"rendered":"\t\t<div data-elementor-type=\"wp-post\" data-elementor-id=\"6526\" class=\"elementor elementor-6526\">\n\t\t\t\t\t\t<section class=\"elementor-section elementor-top-section elementor-element elementor-element-1535c42 elementor-section-boxed elementor-section-height-default elementor-section-height-default\" data-id=\"1535c42\" data-element_type=\"section\">\n\t\t\t\t\t\t<div class=\"elementor-container elementor-column-gap-default\">\n\t\t\t\t\t<div class=\"elementor-column elementor-col-100 elementor-top-column elementor-element elementor-element-2397c335\" data-id=\"2397c335\" data-element_type=\"column\">\n\t\t\t<div class=\"elementor-widget-wrap elementor-element-populated\">\n\t\t\t\t\t\t<div class=\"elementor-element elementor-element-375e4f07 elementor-widget elementor-widget-heading\" data-id=\"375e4f07\" data-element_type=\"widget\" data-widget_type=\"heading.default\">\n\t\t\t\t<div class=\"elementor-widget-container\">\n\t\t\t<style>\/*! elementor - v3.23.0 - 23-07-2024 *\/\n.elementor-heading-title{padding:0;margin:0;line-height:1}.elementor-widget-heading .elementor-heading-title[class*=elementor-size-]>a{color:inherit;font-size:inherit;line-height:inherit}.elementor-widget-heading .elementor-heading-title.elementor-size-small{font-size:15px}.elementor-widget-heading .elementor-heading-title.elementor-size-medium{font-size:19px}.elementor-widget-heading .elementor-heading-title.elementor-size-large{font-size:29px}.elementor-widget-heading .elementor-heading-title.elementor-size-xl{font-size:39px}.elementor-widget-heading .elementor-heading-title.elementor-size-xxl{font-size:59px}<\/style><h2 class=\"elementor-heading-title elementor-size-default\">BANDEJA<\/h2>\t\t<\/div>\n\t\t\t\t<\/div>\n\t\t\t\t\t<\/div>\n\t\t<\/div>\n\t\t\t\t\t<\/div>\n\t\t<\/section>\n\t\t\t\t<section class=\"elementor-section elementor-top-section elementor-element elementor-element-7d4404e4 elementor-section-boxed elementor-section-height-default elementor-section-height-default\" data-id=\"7d4404e4\" data-element_type=\"section\">\n\t\t\t\t\t\t<div class=\"elementor-container elementor-column-gap-default\">\n\t\t\t\t\t<div class=\"elementor-column elementor-col-25 elementor-top-column elementor-element elementor-element-49076dd\" data-id=\"49076dd\" data-element_type=\"column\">\n\t\t\t<div class=\"elementor-widget-wrap elementor-element-populated\">\n\t\t\t\t\t\t<div class=\"elementor-element elementor-element-ee22447 elementor-widget elementor-widget-image\" data-id=\"ee22447\" data-element_type=\"widget\" data-widget_type=\"image.default\">\n\t\t\t\t<div class=\"elementor-widget-container\">\n\t\t\t<style>\/*! elementor - v3.23.0 - 23-07-2024 *\/\n.elementor-widget-image{text-align:center}.elementor-widget-image a{display:inline-block}.elementor-widget-image a img[src$=\".svg\"]{width:48px}.elementor-widget-image img{vertical-align:middle;display:inline-block}<\/style>\t\t\t\t\t\t\t\t\t\t<img fetchpriority=\"high\" decoding=\"async\" width=\"300\" height=\"300\" src=\"https:\/\/denteeth.cl\/solucionesdigitales\/wp-content\/uploads\/2022\/08\/SONIC-MINI-8K-1-300x300.png\" class=\"elementor-animation-shrink attachment-medium size-medium wp-image-6551\" alt=\"\" srcset=\"https:\/\/denteeth.cl\/solucionesdigitales\/wp-content\/uploads\/2022\/08\/SONIC-MINI-8K-1-300x300.png 300w, https:\/\/denteeth.cl\/solucionesdigitales\/wp-content\/uploads\/2022\/08\/SONIC-MINI-8K-1-150x150.png 150w, https:\/\/denteeth.cl\/solucionesdigitales\/wp-content\/uploads\/2022\/08\/SONIC-MINI-8K-1-768x768.png 768w, https:\/\/denteeth.cl\/solucionesdigitales\/wp-content\/uploads\/2022\/08\/SONIC-MINI-8K-1-600x600.png 600w, https:\/\/denteeth.cl\/solucionesdigitales\/wp-content\/uploads\/2022\/08\/SONIC-MINI-8K-1-100x100.png 100w, https:\/\/denteeth.cl\/solucionesdigitales\/wp-content\/uploads\/2022\/08\/SONIC-MINI-8K-1.png 960w\" sizes=\"(max-width: 300px) 100vw, 300px\" \/>\t\t\t\t\t\t\t\t\t\t\t\t\t<\/div>\n\t\t\t\t<\/div>\n\t\t\t\t<div class=\"elementor-element elementor-element-b774309 elementor-widget elementor-widget-heading\" data-id=\"b774309\" data-element_type=\"widget\" data-widget_type=\"heading.default\">\n\t\t\t\t<div class=\"elementor-widget-container\">\n\t\t\t<h5 class=\"elementor-heading-title elementor-size-default\">SONIC MINI 8K<\/h5>\t\t<\/div>\n\t\t\t\t<\/div>\n\t\t\t\t\t<\/div>\n\t\t<\/div>\n\t\t\t\t<div class=\"elementor-column elementor-col-25 elementor-top-column elementor-element elementor-element-1f6bb311\" data-id=\"1f6bb311\" data-element_type=\"column\">\n\t\t\t<div class=\"elementor-widget-wrap elementor-element-populated\">\n\t\t\t\t\t\t<div class=\"elementor-element elementor-element-47bb5873 elementor-widget elementor-widget-image\" data-id=\"47bb5873\" data-element_type=\"widget\" data-widget_type=\"image.default\">\n\t\t\t\t<div class=\"elementor-widget-container\">\n\t\t\t\t\t\t\t\t\t\t\t\t\t<img decoding=\"async\" width=\"300\" height=\"300\" src=\"https:\/\/denteeth.cl\/solucionesdigitales\/wp-content\/uploads\/2022\/08\/SONIC-MINI-4K-1-300x300.png\" class=\"elementor-animation-shrink attachment-medium size-medium wp-image-6553\" alt=\"\" srcset=\"https:\/\/denteeth.cl\/solucionesdigitales\/wp-content\/uploads\/2022\/08\/SONIC-MINI-4K-1-300x300.png 300w, https:\/\/denteeth.cl\/solucionesdigitales\/wp-content\/uploads\/2022\/08\/SONIC-MINI-4K-1-150x150.png 150w, https:\/\/denteeth.cl\/solucionesdigitales\/wp-content\/uploads\/2022\/08\/SONIC-MINI-4K-1-768x768.png 768w, https:\/\/denteeth.cl\/solucionesdigitales\/wp-content\/uploads\/2022\/08\/SONIC-MINI-4K-1-600x600.png 600w, https:\/\/denteeth.cl\/solucionesdigitales\/wp-content\/uploads\/2022\/08\/SONIC-MINI-4K-1-100x100.png 100w, https:\/\/denteeth.cl\/solucionesdigitales\/wp-content\/uploads\/2022\/08\/SONIC-MINI-4K-1.png 960w\" sizes=\"(max-width: 300px) 100vw, 300px\" \/>\t\t\t\t\t\t\t\t\t\t\t\t\t<\/div>\n\t\t\t\t<\/div>\n\t\t\t\t<div class=\"elementor-element elementor-element-6cf6676d elementor-widget elementor-widget-heading\" data-id=\"6cf6676d\" data-element_type=\"widget\" data-widget_type=\"heading.default\">\n\t\t\t\t<div class=\"elementor-widget-container\">\n\t\t\t<h5 class=\"elementor-heading-title elementor-size-default\">SONIC MINI 4K<\/h5>\t\t<\/div>\n\t\t\t\t<\/div>\n\t\t\t\t\t<\/div>\n\t\t<\/div>\n\t\t\t\t<div class=\"elementor-column elementor-col-25 elementor-top-column elementor-element elementor-element-35a6da41\" data-id=\"35a6da41\" data-element_type=\"column\">\n\t\t\t<div class=\"elementor-widget-wrap elementor-element-populated\">\n\t\t\t\t\t\t<div class=\"elementor-element elementor-element-528a02ae elementor-widget elementor-widget-image\" data-id=\"528a02ae\" data-element_type=\"widget\" data-widget_type=\"image.default\">\n\t\t\t\t<div class=\"elementor-widget-container\">\n\t\t\t\t\t\t\t\t\t\t\t\t\t<img decoding=\"async\" width=\"300\" height=\"300\" src=\"https:\/\/denteeth.cl\/solucionesdigitales\/wp-content\/uploads\/2022\/08\/SONIC-MEGA-8K-1-300x300.png\" class=\"elementor-animation-shrink attachment-medium size-medium wp-image-6552\" alt=\"\" srcset=\"https:\/\/denteeth.cl\/solucionesdigitales\/wp-content\/uploads\/2022\/08\/SONIC-MEGA-8K-1-300x300.png 300w, https:\/\/denteeth.cl\/solucionesdigitales\/wp-content\/uploads\/2022\/08\/SONIC-MEGA-8K-1-150x150.png 150w, https:\/\/denteeth.cl\/solucionesdigitales\/wp-content\/uploads\/2022\/08\/SONIC-MEGA-8K-1-768x768.png 768w, https:\/\/denteeth.cl\/solucionesdigitales\/wp-content\/uploads\/2022\/08\/SONIC-MEGA-8K-1-600x600.png 600w, https:\/\/denteeth.cl\/solucionesdigitales\/wp-content\/uploads\/2022\/08\/SONIC-MEGA-8K-1-100x100.png 100w, https:\/\/denteeth.cl\/solucionesdigitales\/wp-content\/uploads\/2022\/08\/SONIC-MEGA-8K-1.png 960w\" sizes=\"(max-width: 300px) 100vw, 300px\" \/>\t\t\t\t\t\t\t\t\t\t\t\t\t<\/div>\n\t\t\t\t<\/div>\n\t\t\t\t<div class=\"elementor-element elementor-element-f57a609 elementor-widget elementor-widget-heading\" data-id=\"f57a609\" data-element_type=\"widget\" data-widget_type=\"heading.default\">\n\t\t\t\t<div class=\"elementor-widget-container\">\n\t\t\t<h5 class=\"elementor-heading-title elementor-size-default\">SONIC MEGA 8K<\/h5>\t\t<\/div>\n\t\t\t\t<\/div>\n\t\t\t\t\t<\/div>\n\t\t<\/div>\n\t\t\t\t<div class=\"elementor-column elementor-col-25 elementor-top-column elementor-element elementor-element-dd35192\" data-id=\"dd35192\" data-element_type=\"column\">\n\t\t\t<div class=\"elementor-widget-wrap elementor-element-populated\">\n\t\t\t\t\t\t<div class=\"elementor-element elementor-element-a3329d6 elementor-widget elementor-widget-image\" data-id=\"a3329d6\" data-element_type=\"widget\" data-widget_type=\"image.default\">\n\t\t\t\t<div class=\"elementor-widget-container\">\n\t\t\t\t\t\t\t\t\t\t\t\t\t<img loading=\"lazy\" decoding=\"async\" width=\"300\" height=\"300\" src=\"https:\/\/denteeth.cl\/solucionesdigitales\/wp-content\/uploads\/2022\/08\/SONIC-4K.-1-300x300.png\" class=\"elementor-animation-shrink attachment-medium size-medium wp-image-6549\" alt=\"\" srcset=\"https:\/\/denteeth.cl\/solucionesdigitales\/wp-content\/uploads\/2022\/08\/SONIC-4K.-1-300x300.png 300w, https:\/\/denteeth.cl\/solucionesdigitales\/wp-content\/uploads\/2022\/08\/SONIC-4K.-1-150x150.png 150w, https:\/\/denteeth.cl\/solucionesdigitales\/wp-content\/uploads\/2022\/08\/SONIC-4K.-1-768x768.png 768w, https:\/\/denteeth.cl\/solucionesdigitales\/wp-content\/uploads\/2022\/08\/SONIC-4K.-1-600x600.png 600w, https:\/\/denteeth.cl\/solucionesdigitales\/wp-content\/uploads\/2022\/08\/SONIC-4K.-1-100x100.png 100w, https:\/\/denteeth.cl\/solucionesdigitales\/wp-content\/uploads\/2022\/08\/SONIC-4K.-1.png 960w\" sizes=\"(max-width: 300px) 100vw, 300px\" \/>\t\t\t\t\t\t\t\t\t\t\t\t\t<\/div>\n\t\t\t\t<\/div>\n\t\t\t\t<div class=\"elementor-element elementor-element-2adc31c elementor-widget elementor-widget-heading\" data-id=\"2adc31c\" data-element_type=\"widget\" data-widget_type=\"heading.default\">\n\t\t\t\t<div class=\"elementor-widget-container\">\n\t\t\t<h5 class=\"elementor-heading-title elementor-size-default\">SONIC 4K<\/h5>\t\t<\/div>\n\t\t\t\t<\/div>\n\t\t\t\t\t<\/div>\n\t\t<\/div>\n\t\t\t\t\t<\/div>\n\t\t<\/section>\n\t\t\t\t<section class=\"elementor-section elementor-top-section elementor-element elementor-element-6061ed3 elementor-section-full_width elementor-section-height-default elementor-section-height-default\" data-id=\"6061ed3\" data-element_type=\"section\" data-settings=\"{&quot;background_background&quot;:&quot;classic&quot;}\">\n\t\t\t\t\t\t<div class=\"elementor-container elementor-column-gap-no\">\n\t\t\t\t\t<div class=\"elementor-column elementor-col-100 elementor-top-column elementor-element elementor-element-51bdceca\" data-id=\"51bdceca\" data-element_type=\"column\">\n\t\t\t<div class=\"elementor-widget-wrap elementor-element-populated\">\n\t\t\t\t\t\t<div class=\"elementor-element elementor-element-5286d2c9 elementor-widget elementor-widget-spacer\" data-id=\"5286d2c9\" data-element_type=\"widget\" data-widget_type=\"spacer.default\">\n\t\t\t\t<div class=\"elementor-widget-container\">\n\t\t\t<style>\/*! elementor - v3.23.0 - 23-07-2024 *\/\n.elementor-column .elementor-spacer-inner{height:var(--spacer-size)}.e-con{--container-widget-width:100%}.e-con-inner>.elementor-widget-spacer,.e-con>.elementor-widget-spacer{width:var(--container-widget-width,var(--spacer-size));--align-self:var(--container-widget-align-self,initial);--flex-shrink:0}.e-con-inner>.elementor-widget-spacer>.elementor-widget-container,.e-con>.elementor-widget-spacer>.elementor-widget-container{height:100%;width:100%}.e-con-inner>.elementor-widget-spacer>.elementor-widget-container>.elementor-spacer,.e-con>.elementor-widget-spacer>.elementor-widget-container>.elementor-spacer{height:100%}.e-con-inner>.elementor-widget-spacer>.elementor-widget-container>.elementor-spacer>.elementor-spacer-inner,.e-con>.elementor-widget-spacer>.elementor-widget-container>.elementor-spacer>.elementor-spacer-inner{height:var(--container-widget-height,var(--spacer-size))}.e-con-inner>.elementor-widget-spacer.elementor-widget-empty,.e-con>.elementor-widget-spacer.elementor-widget-empty{position:relative;min-height:22px;min-width:22px}.e-con-inner>.elementor-widget-spacer.elementor-widget-empty .elementor-widget-empty-icon,.e-con>.elementor-widget-spacer.elementor-widget-empty .elementor-widget-empty-icon{position:absolute;top:0;bottom:0;left:0;right:0;margin:auto;padding:0;width:22px;height:22px}<\/style>\t\t<div class=\"elementor-spacer\">\n\t\t\t<div class=\"elementor-spacer-inner\"><\/div>\n\t\t<\/div>\n\t\t\t\t<\/div>\n\t\t\t\t<\/div>\n\t\t\t\t\t<\/div>\n\t\t<\/div>\n\t\t\t\t\t<\/div>\n\t\t<\/section>\n\t\t\t\t<section class=\"elementor-section elementor-top-section elementor-element elementor-element-77911cc7 elementor-section-boxed elementor-section-height-default elementor-section-height-default\" data-id=\"77911cc7\" data-element_type=\"section\">\n\t\t\t\t\t\t<div class=\"elementor-container elementor-column-gap-default\">\n\t\t\t\t\t<div class=\"elementor-column elementor-col-100 elementor-top-column elementor-element elementor-element-5fc0bffc\" data-id=\"5fc0bffc\" data-element_type=\"column\">\n\t\t\t<div class=\"elementor-widget-wrap elementor-element-populated\">\n\t\t\t\t\t\t<div class=\"elementor-element elementor-element-68ce5cb8 elementor-mobile-align-center elementor-align-center elementor-widget elementor-widget-button\" data-id=\"68ce5cb8\" data-element_type=\"widget\" data-widget_type=\"button.default\">\n\t\t\t\t<div class=\"elementor-widget-container\">\n\t\t\t\t\t<div class=\"elementor-button-wrapper\">\n\t\t\t<a class=\"elementor-button elementor-button-link elementor-size-sm elementor-animation-bounce-in\" href=\"https:\/\/wa.me\/56977085901\">\n\t\t\t\t\t\t<span class=\"elementor-button-content-wrapper\">\n\t\t\t\t\t\t\t\t\t<span class=\"elementor-button-text\">\u00a1 Quiero Comprarlo !<\/span>\n\t\t\t\t\t<\/span>\n\t\t\t\t\t<\/a>\n\t\t<\/div>\n\t\t\t\t<\/div>\n\t\t\t\t<\/div>\n\t\t\t\t\t<\/div>\n\t\t<\/div>\n\t\t\t\t\t<\/div>\n\t\t<\/section>\n\t\t\t\t<section class=\"elementor-section elementor-top-section elementor-element elementor-element-4a2d1e9 elementor-section-boxed elementor-section-height-default elementor-section-height-default\" data-id=\"4a2d1e9\" data-element_type=\"section\">\n\t\t\t\t\t\t<div class=\"elementor-container elementor-column-gap-default\">\n\t\t\t\t\t<div class=\"elementor-column elementor-col-100 elementor-top-column elementor-element elementor-element-25ef204\" data-id=\"25ef204\" data-element_type=\"column\">\n\t\t\t<div class=\"elementor-widget-wrap elementor-element-populated\">\n\t\t\t\t\t\t<div class=\"elementor-element elementor-element-34429d17 elementor-widget elementor-widget-text-editor\" data-id=\"34429d17\" data-element_type=\"widget\" data-widget_type=\"text-editor.default\">\n\t\t\t\t<div class=\"elementor-widget-container\">\n\t\t\t<style>\/*! elementor - v3.23.0 - 23-07-2024 *\/\n.elementor-widget-text-editor.elementor-drop-cap-view-stacked .elementor-drop-cap{background-color:#69727d;color:#fff}.elementor-widget-text-editor.elementor-drop-cap-view-framed .elementor-drop-cap{color:#69727d;border:3px solid;background-color:transparent}.elementor-widget-text-editor:not(.elementor-drop-cap-view-default) .elementor-drop-cap{margin-top:8px}.elementor-widget-text-editor:not(.elementor-drop-cap-view-default) .elementor-drop-cap-letter{width:1em;height:1em}.elementor-widget-text-editor .elementor-drop-cap{float:left;text-align:center;line-height:1;font-size:50px}.elementor-widget-text-editor .elementor-drop-cap-letter{display:inline-block}<\/style>\t\t\t\t<p>Fabricado con CNC totalmente met\u00e1lico y anodizado, el tanque de resina de aluminio de Phrozen es duradero y viene con una estructura estable para garantizar que el proceso de impresi\u00f3n se realice de la mejor manera posible.<br \/>La tina est\u00e1 dise\u00f1ada para tener como producto , lo que la hace extremadamente conveniente para verter o cambiar la resina. La pel\u00edcula FEP preinstalada le permite comenzar a imprimir de inmediato.\u00a0\u00a0<br \/>Est\u00e1 disponible en tres tama\u00f1os: Peque\u00f1o, Mediano y Grande.<\/p>\t\t\t\t\t\t<\/div>\n\t\t\t\t<\/div>\n\t\t\t\t<div class=\"elementor-element elementor-element-fdede5b elementor-widget elementor-widget-heading\" data-id=\"fdede5b\" data-element_type=\"widget\" data-widget_type=\"heading.default\">\n\t\t\t\t<div class=\"elementor-widget-container\">\n\t\t\t<h4 class=\"elementor-heading-title elementor-size-default\">Beneficios<\/h4>\t\t<\/div>\n\t\t\t\t<\/div>\n\t\t\t\t<div class=\"elementor-element elementor-element-42b74cd elementor-widget elementor-widget-text-editor\" data-id=\"42b74cd\" data-element_type=\"widget\" data-widget_type=\"text-editor.default\">\n\t\t\t\t<div class=\"elementor-widget-container\">\n\t\t\t\t\t\t\t<ul><li>F\u00e1cil de usar: apriete su tanque de resina en su impresora 3D, vierta resina y estar\u00e1 listo para comenzar.<\/li><li>Duradero y estable: con una estructura totalmente met\u00e1lica, no necesita preocuparse por cambiar su tanque de resina con frecuencia.<\/li><li>Pel\u00edcula FEP preinstalada: no es necesario pasar por la tediosa tarea de instalar su pel\u00edcula FEP. Ahora, puede comenzar a imprimir lo antes posible.<\/li><li>Dise\u00f1o elegante: viene con un asa* y un pico para que puedas drenar la resina con facilidad<\/li><li>Idoneidad de la resina: funciona con todo tipo de resina.<\/li><\/ul>\t\t\t\t\t\t<\/div>\n\t\t\t\t<\/div>\n\t\t\t\t\t<\/div>\n\t\t<\/div>\n\t\t\t\t\t<\/div>\n\t\t<\/section>\n\t\t\t\t<section class=\"elementor-section elementor-top-section elementor-element elementor-element-2f1d2808 elementor-section-boxed elementor-section-height-default elementor-section-height-default\" data-id=\"2f1d2808\" data-element_type=\"section\">\n\t\t\t\t\t\t<div class=\"elementor-container elementor-column-gap-no\">\n\t\t\t\t\t<div class=\"elementor-column elementor-col-100 elementor-top-column elementor-element elementor-element-599a947f\" data-id=\"599a947f\" data-element_type=\"column\">\n\t\t\t<div class=\"elementor-widget-wrap elementor-element-populated\">\n\t\t\t\t\t\t<div class=\"elementor-element elementor-element-8cccd3c elementor-widget elementor-widget-image-carousel\" data-id=\"8cccd3c\" data-element_type=\"widget\" data-settings=\"{&quot;slides_to_show&quot;:&quot;5&quot;,&quot;slides_to_show_tablet&quot;:&quot;5&quot;,&quot;slides_to_show_mobile&quot;:&quot;3&quot;,&quot;slides_to_scroll_tablet&quot;:&quot;1&quot;,&quot;slides_to_scroll_mobile&quot;:&quot;1&quot;,&quot;navigation&quot;:&quot;none&quot;,&quot;slides_to_scroll&quot;:&quot;1&quot;,&quot;pause_on_hover&quot;:&quot;no&quot;,&quot;pause_on_interaction&quot;:&quot;no&quot;,&quot;autoplay_speed&quot;:2000,&quot;autoplay&quot;:&quot;yes&quot;,&quot;infinite&quot;:&quot;yes&quot;,&quot;speed&quot;:500,&quot;image_spacing_custom&quot;:{&quot;unit&quot;:&quot;px&quot;,&quot;size&quot;:20,&quot;sizes&quot;:[]},&quot;image_spacing_custom_tablet&quot;:{&quot;unit&quot;:&quot;px&quot;,&quot;size&quot;:&quot;&quot;,&quot;sizes&quot;:[]},&quot;image_spacing_custom_mobile&quot;:{&quot;unit&quot;:&quot;px&quot;,&quot;size&quot;:&quot;&quot;,&quot;sizes&quot;:[]}}\" data-widget_type=\"image-carousel.default\">\n\t\t\t\t<div class=\"elementor-widget-container\">\n\t\t\t<style>\/*! elementor - v3.23.0 - 23-07-2024 *\/\n.elementor-widget-image-carousel .swiper,.elementor-widget-image-carousel .swiper-container{position:static}.elementor-widget-image-carousel .swiper-container .swiper-slide figure,.elementor-widget-image-carousel .swiper .swiper-slide figure{line-height:inherit}.elementor-widget-image-carousel .swiper-slide{text-align:center}.elementor-image-carousel-wrapper:not(.swiper-container-initialized):not(.swiper-initialized) .swiper-slide{max-width:calc(100% \/ var(--e-image-carousel-slides-to-show, 3))}<\/style>\t\t<div class=\"elementor-image-carousel-wrapper swiper\" dir=\"ltr\">\n\t\t\t<div class=\"elementor-image-carousel swiper-wrapper\" aria-live=\"off\">\n\t\t\t\t\t\t\t\t<div class=\"swiper-slide\" role=\"group\" aria-roledescription=\"slide\" aria-label=\"1 de 6\"><figure class=\"swiper-slide-inner\"><img decoding=\"async\" class=\"swiper-slide-image\" src=\"https:\/\/denteeth.cl\/solucionesdigitales\/wp-content\/uploads\/elementor\/thumbs\/CREALITY-DENTHEET-q49m2lrdvwyff5dyhk2xa4xkbz9ebprl7q2hdk4pym.png\" alt=\"CREALITY-DENTHEET\" \/><\/figure><\/div><div class=\"swiper-slide\" role=\"group\" aria-roledescription=\"slide\" aria-label=\"2 de 6\"><figure class=\"swiper-slide-inner\"><img decoding=\"async\" class=\"swiper-slide-image\" src=\"https:\/\/denteeth.cl\/solucionesdigitales\/wp-content\/uploads\/elementor\/thumbs\/PHROZEN-DENTHEET-q49m2piqn93kpl8hvlpfk3zepiqv6i6ik8ofanz59q.png\" alt=\"PHROZEN-DENTHEET\" \/><\/figure><\/div><div class=\"swiper-slide\" role=\"group\" aria-roledescription=\"slide\" aria-label=\"3 de 6\"><figure class=\"swiper-slide-inner\"><img decoding=\"async\" class=\"swiper-slide-image\" src=\"https:\/\/denteeth.cl\/solucionesdigitales\/wp-content\/uploads\/elementor\/thumbs\/UP3D-DENTHEET-q49m2sc97r7fof4ef4xb9l9shocytlhpkmmvqhuyr2.png\" alt=\"UP3D-DENTHEET\" \/><\/figure><\/div><div class=\"swiper-slide\" role=\"group\" aria-roledescription=\"slide\" aria-label=\"4 de 6\"><figure class=\"swiper-slide-inner\"><img decoding=\"async\" class=\"swiper-slide-image\" src=\"https:\/\/denteeth.cl\/solucionesdigitales\/wp-content\/uploads\/elementor\/thumbs\/ZETIN-DENTHEET-q49m2v5rs9ban90ayo56z2k69tz2goswl0lc6bqs8e.png\" alt=\"ZETIN-DENTHEET\" \/><\/figure><\/div><div class=\"swiper-slide\" role=\"group\" aria-roledescription=\"slide\" aria-label=\"5 de 6\"><figure class=\"swiper-slide-inner\"><img decoding=\"async\" class=\"swiper-slide-image\" src=\"https:\/\/denteeth.cl\/solucionesdigitales\/wp-content\/uploads\/elementor\/thumbs\/aidite-q49npow5hzub8pk6gljniq5omy116rc5o6eaeqisle.png\" alt=\"aidite\" \/><\/figure><\/div><div class=\"swiper-slide\" role=\"group\" aria-roledescription=\"slide\" aria-label=\"6 de 6\"><figure class=\"swiper-slide-inner\"><img decoding=\"async\" class=\"swiper-slide-image\" src=\"https:\/\/denteeth.cl\/solucionesdigitales\/wp-content\/uploads\/elementor\/thumbs\/komax-q49npptzotvlkbitb3ya37x58bweegfw0b1rw0hero.png\" alt=\"komax\" \/><\/figure><\/div>\t\t\t<\/div>\n\t\t\t\t\t\t\t\n\t\t\t\t\t\t\t\t\t<\/div>\n\t\t\t\t<\/div>\n\t\t\t\t<\/div>\n\t\t\t\t\t<\/div>\n\t\t<\/div>\n\t\t\t\t\t<\/div>\n\t\t<\/section>\n\t\t\t\t<\/div>\n\t\t","protected":false},"excerpt":{"rendered":"<p>BANDEJA SONIC MINI 8K SONIC MINI 4K SONIC MEGA 8K SONIC 4K \u00a1 Quiero Comprarlo ! Fabricado con CNC totalmente met\u00e1lico y anodizado, el tanque de resina de aluminio de Phrozen es duradero y viene con una estructura estable para garantizar que el proceso de impresi\u00f3n se realice de la mejor manera posible.La tina est\u00e1 [&hellip;]<\/p>\n","protected":false},"author":1,"featured_media":0,"parent":0,"menu_order":0,"comment_status":"closed","ping_status":"closed","template":"","meta":{"site-sidebar-layout":"no-sidebar","site-content-layout":"page-builder","ast-site-content-layout":"","site-content-style":"default","site-sidebar-style":"default","ast-global-header-display":"","ast-banner-title-visibility":"","ast-main-header-display":"","ast-hfb-above-header-display":"","ast-hfb-below-header-display":"","ast-hfb-mobile-header-display":"","site-post-title":"disabled","ast-breadcrumbs-content":"","ast-featured-img":"disabled","footer-sml-layout":"","theme-transparent-header-meta":"","adv-header-id-meta":"","stick-header-meta":"","header-above-stick-meta":"","header-main-stick-meta":"","header-below-stick-meta":"","astra-migrate-meta-layouts":"default","ast-page-background-enabled":"default","ast-page-background-meta":{"desktop":{"background-color":"","background-image":"","background-repeat":"repeat","background-position":"center center","background-size":"auto","background-attachment":"scroll","background-type":"","background-media":"","overlay-type":"","overlay-color":"","overlay-opacity":"","overlay-gradient":""},"tablet":{"background-color":"","background-image":"","background-repeat":"repeat","background-position":"center center","background-size":"auto","background-attachment":"scroll","background-type":"","background-media":"","overlay-type":"","overlay-color":"","overlay-opacity":"","overlay-gradient":""},"mobile":{"background-color":"","background-image":"","background-repeat":"repeat","background-position":"center center","background-size":"auto","background-attachment":"scroll","background-type":"","background-media":"","overlay-type":"","overlay-color":"","overlay-opacity":"","overlay-gradient":""}},"ast-content-background-meta":{"desktop":{"background-color":"var(--ast-global-color-5)","background-image":"","background-repeat":"repeat","background-position":"center center","background-size":"auto","background-attachment":"scroll","background-type":"","background-media":"","overlay-type":"","overlay-color":"","overlay-opacity":"","overlay-gradient":""},"tablet":{"background-color":"var(--ast-global-color-5)","background-image":"","background-repeat":"repeat","background-position":"center center","background-size":"auto","background-attachment":"scroll","background-type":"","background-media":"","overlay-type":"","overlay-color":"","overlay-opacity":"","overlay-gradient":""},"mobile":{"background-color":"var(--ast-global-color-5)","background-image":"","background-repeat":"repeat","background-position":"center center","background-size":"auto","background-attachment":"scroll","background-type":"","background-media":"","overlay-type":"","overlay-color":"","overlay-opacity":"","overlay-gradient":""}},"footnotes":""},"class_list":["post-6526","page","type-page","status-publish","hentry"],"_links":{"self":[{"href":"https:\/\/denteeth.cl\/solucionesdigitales\/wp-json\/wp\/v2\/pages\/6526"}],"collection":[{"href":"https:\/\/denteeth.cl\/solucionesdigitales\/wp-json\/wp\/v2\/pages"}],"about":[{"href":"https:\/\/denteeth.cl\/solucionesdigitales\/wp-json\/wp\/v2\/types\/page"}],"author":[{"embeddable":true,"href":"https:\/\/denteeth.cl\/solucionesdigitales\/wp-json\/wp\/v2\/users\/1"}],"replies":[{"embeddable":true,"href":"https:\/\/denteeth.cl\/solucionesdigitales\/wp-json\/wp\/v2\/comments?post=6526"}],"version-history":[{"count":3,"href":"https:\/\/denteeth.cl\/solucionesdigitales\/wp-json\/wp\/v2\/pages\/6526\/revisions"}],"predecessor-version":[{"id":7442,"href":"https:\/\/denteeth.cl\/solucionesdigitales\/wp-json\/wp\/v2\/pages\/6526\/revisions\/7442"}],"wp:attachment":[{"href":"https:\/\/denteeth.cl\/solucionesdigitales\/wp-json\/wp\/v2\/media?parent=6526"}],"curies":[{"name":"wp","href":"https:\/\/api.w.org\/{rel}","templated":true}]}}