{"id":6359,"date":"2022-06-20T07:28:43","date_gmt":"2022-06-20T07:28:43","guid":{"rendered":"https:\/\/denteeth.cl\/solucionesdigitales\/?page_id=6359"},"modified":"2024-07-23T20:28:11","modified_gmt":"2024-07-23T20:28:11","slug":"shofu-disco-hc","status":"publish","type":"page","link":"https:\/\/denteeth.cl\/solucionesdigitales\/shofu-disco-hc\/","title":{"rendered":"Shofu Disco HC"},"content":{"rendered":"\t\t<div data-elementor-type=\"wp-post\" data-elementor-id=\"6359\" class=\"elementor elementor-6359\">\n\t\t\t\t\t\t<section class=\"elementor-section elementor-top-section elementor-element elementor-element-b9a1d97 elementor-section-boxed elementor-section-height-default elementor-section-height-default\" data-id=\"b9a1d97\" data-element_type=\"section\">\n\t\t\t\t\t\t<div class=\"elementor-container elementor-column-gap-default\">\n\t\t\t\t\t<div class=\"elementor-column elementor-col-100 elementor-top-column elementor-element elementor-element-1940c5b\" data-id=\"1940c5b\" data-element_type=\"column\">\n\t\t\t<div class=\"elementor-widget-wrap elementor-element-populated\">\n\t\t\t\t\t\t<div class=\"elementor-element elementor-element-84c911f elementor-widget elementor-widget-spacer\" data-id=\"84c911f\" data-element_type=\"widget\" data-widget_type=\"spacer.default\">\n\t\t\t\t<div class=\"elementor-widget-container\">\n\t\t\t<style>\/*! elementor - v3.23.0 - 23-07-2024 *\/\n.elementor-column .elementor-spacer-inner{height:var(--spacer-size)}.e-con{--container-widget-width:100%}.e-con-inner>.elementor-widget-spacer,.e-con>.elementor-widget-spacer{width:var(--container-widget-width,var(--spacer-size));--align-self:var(--container-widget-align-self,initial);--flex-shrink:0}.e-con-inner>.elementor-widget-spacer>.elementor-widget-container,.e-con>.elementor-widget-spacer>.elementor-widget-container{height:100%;width:100%}.e-con-inner>.elementor-widget-spacer>.elementor-widget-container>.elementor-spacer,.e-con>.elementor-widget-spacer>.elementor-widget-container>.elementor-spacer{height:100%}.e-con-inner>.elementor-widget-spacer>.elementor-widget-container>.elementor-spacer>.elementor-spacer-inner,.e-con>.elementor-widget-spacer>.elementor-widget-container>.elementor-spacer>.elementor-spacer-inner{height:var(--container-widget-height,var(--spacer-size))}.e-con-inner>.elementor-widget-spacer.elementor-widget-empty,.e-con>.elementor-widget-spacer.elementor-widget-empty{position:relative;min-height:22px;min-width:22px}.e-con-inner>.elementor-widget-spacer.elementor-widget-empty .elementor-widget-empty-icon,.e-con>.elementor-widget-spacer.elementor-widget-empty .elementor-widget-empty-icon{position:absolute;top:0;bottom:0;left:0;right:0;margin:auto;padding:0;width:22px;height:22px}<\/style>\t\t<div class=\"elementor-spacer\">\n\t\t\t<div class=\"elementor-spacer-inner\"><\/div>\n\t\t<\/div>\n\t\t\t\t<\/div>\n\t\t\t\t<\/div>\n\t\t\t\t<div class=\"elementor-element elementor-element-cc92690 elementor-widget elementor-widget-heading\" data-id=\"cc92690\" data-element_type=\"widget\" data-widget_type=\"heading.default\">\n\t\t\t\t<div class=\"elementor-widget-container\">\n\t\t\t<style>\/*! elementor - v3.23.0 - 23-07-2024 *\/\n.elementor-heading-title{padding:0;margin:0;line-height:1}.elementor-widget-heading .elementor-heading-title[class*=elementor-size-]>a{color:inherit;font-size:inherit;line-height:inherit}.elementor-widget-heading .elementor-heading-title.elementor-size-small{font-size:15px}.elementor-widget-heading .elementor-heading-title.elementor-size-medium{font-size:19px}.elementor-widget-heading .elementor-heading-title.elementor-size-large{font-size:29px}.elementor-widget-heading .elementor-heading-title.elementor-size-xl{font-size:39px}.elementor-widget-heading .elementor-heading-title.elementor-size-xxl{font-size:59px}<\/style><h2 class=\"elementor-heading-title elementor-size-default\"> Shofu Disco HC<\/h2>\t\t<\/div>\n\t\t\t\t<\/div>\n\t\t\t\t<div class=\"elementor-element elementor-element-d7e6efa elementor-widget elementor-widget-image\" data-id=\"d7e6efa\" data-element_type=\"widget\" data-widget_type=\"image.default\">\n\t\t\t\t<div class=\"elementor-widget-container\">\n\t\t\t<style>\/*! elementor - v3.23.0 - 23-07-2024 *\/\n.elementor-widget-image{text-align:center}.elementor-widget-image a{display:inline-block}.elementor-widget-image a img[src$=\".svg\"]{width:48px}.elementor-widget-image img{vertical-align:middle;display:inline-block}<\/style>\t\t\t\t\t\t\t\t\t\t<img fetchpriority=\"high\" decoding=\"async\" width=\"800\" height=\"394\" src=\"https:\/\/denteeth.cl\/solucionesdigitales\/wp-content\/uploads\/2022\/06\/653759_SHOFU_Disk_HC-59.png\" class=\"attachment-large size-large wp-image-6366\" alt=\"\" srcset=\"https:\/\/denteeth.cl\/solucionesdigitales\/wp-content\/uploads\/2022\/06\/653759_SHOFU_Disk_HC-59.png 800w, https:\/\/denteeth.cl\/solucionesdigitales\/wp-content\/uploads\/2022\/06\/653759_SHOFU_Disk_HC-59-300x148.png 300w, https:\/\/denteeth.cl\/solucionesdigitales\/wp-content\/uploads\/2022\/06\/653759_SHOFU_Disk_HC-59-768x378.png 768w, https:\/\/denteeth.cl\/solucionesdigitales\/wp-content\/uploads\/2022\/06\/653759_SHOFU_Disk_HC-59-600x296.png 600w\" sizes=\"(max-width: 800px) 100vw, 800px\" \/>\t\t\t\t\t\t\t\t\t\t\t\t\t<\/div>\n\t\t\t\t<\/div>\n\t\t\t\t<div class=\"elementor-element elementor-element-cb47578 elementor-widget elementor-widget-text-editor\" data-id=\"cb47578\" data-element_type=\"widget\" data-widget_type=\"text-editor.default\">\n\t\t\t\t<div class=\"elementor-widget-container\">\n\t\t\t<style>\/*! elementor - v3.23.0 - 23-07-2024 *\/\n.elementor-widget-text-editor.elementor-drop-cap-view-stacked .elementor-drop-cap{background-color:#69727d;color:#fff}.elementor-widget-text-editor.elementor-drop-cap-view-framed .elementor-drop-cap{color:#69727d;border:3px solid;background-color:transparent}.elementor-widget-text-editor:not(.elementor-drop-cap-view-default) .elementor-drop-cap{margin-top:8px}.elementor-widget-text-editor:not(.elementor-drop-cap-view-default) .elementor-drop-cap-letter{width:1em;height:1em}.elementor-widget-text-editor .elementor-drop-cap{float:left;text-align:center;line-height:1;font-size:50px}.elementor-widget-text-editor .elementor-drop-cap-letter{display:inline-block}<\/style>\t\t\t\t<h5><strong>Material de restauraci\u00f3n CAD\/CAM a base de cer\u00e1mica para restauraciones duraderas y sin metal<\/strong><\/h5>\t\t\t\t\t\t<\/div>\n\t\t\t\t<\/div>\n\t\t\t\t<div class=\"elementor-element elementor-element-10ec90f elementor-mobile-align-center elementor-align-center elementor-widget elementor-widget-button\" data-id=\"10ec90f\" data-element_type=\"widget\" data-widget_type=\"button.default\">\n\t\t\t\t<div class=\"elementor-widget-container\">\n\t\t\t\t\t<div class=\"elementor-button-wrapper\">\n\t\t\t<a class=\"elementor-button elementor-button-link elementor-size-sm elementor-animation-bounce-in\" href=\"https:\/\/www.denteeth.cl\/producto\/disco-hc-a2-ht-98x14mm\/%20\">\n\t\t\t\t\t\t<span class=\"elementor-button-content-wrapper\">\n\t\t\t\t\t\t\t\t\t<span class=\"elementor-button-text\">COMPRAR<\/span>\n\t\t\t\t\t<\/span>\n\t\t\t\t\t<\/a>\n\t\t<\/div>\n\t\t\t\t<\/div>\n\t\t\t\t<\/div>\n\t\t\t\t\t<\/div>\n\t\t<\/div>\n\t\t\t\t\t<\/div>\n\t\t<\/section>\n\t\t\t\t<section class=\"elementor-section elementor-top-section elementor-element elementor-element-40d7ccd elementor-section-boxed elementor-section-height-default elementor-section-height-default\" data-id=\"40d7ccd\" data-element_type=\"section\">\n\t\t\t\t\t\t<div class=\"elementor-container elementor-column-gap-default\">\n\t\t\t\t\t<div class=\"elementor-column elementor-col-100 elementor-top-column elementor-element elementor-element-5de41e6\" data-id=\"5de41e6\" data-element_type=\"column\">\n\t\t\t<div class=\"elementor-widget-wrap elementor-element-populated\">\n\t\t\t\t\t\t<div class=\"elementor-element elementor-element-f6e601d elementor-widget elementor-widget-text-editor\" data-id=\"f6e601d\" data-element_type=\"widget\" data-widget_type=\"text-editor.default\">\n\t\t\t\t<div class=\"elementor-widget-container\">\n\t\t\t\t\t\t\t<p><span style=\"font-weight: 400;\">Est\u00e1 dise\u00f1ado para brindar una capacidad de hacer una restauraci\u00f3n al paciente en una sola cita. Shofu Block representa una nueva generaci\u00f3n de composites dise\u00f1ados para la generaci\u00f3n cad-cam.\u00a0 Cuenta con una f\u00f3rmula dise\u00f1ada para minimizar defectos atribuidos a la cer\u00e1mica convencional.<\/span><\/p><p><span style=\"font-weight: 400;\">\u00a0Este material est\u00e1 compuesto por 61% de silicato de zirconio compactado de nano relleno formando un esqueleto uniforme que absorbe las fuerzas de masticaci\u00f3n y promueve m\u00e1s resistencia. Comparado a otros materiales de fresado este material reduce el tiempo de fresado y tolerancia de da\u00f1o como desgaste de fresas y la habilidad de ser fabricado en un grosor delgado.<\/span><\/p><p><span style=\"font-weight: 400;\">\u00a0La alta dureza flexible de 191 MPA y vickers de dureza de 66hv0 hace que el producto sea excelente candidato para ambos anteriores y posteriores\u00a0 casos implante soportados y provisionales de largo tiempo, adicional la dureza muestra valores cercanos a la dentina con un desgaste uniforme con el diente antagonista.<\/span><\/p>\t\t\t\t\t\t<\/div>\n\t\t\t\t<\/div>\n\t\t\t\t\t<\/div>\n\t\t<\/div>\n\t\t\t\t\t<\/div>\n\t\t<\/section>\n\t\t\t\t<section class=\"elementor-section elementor-top-section elementor-element elementor-element-db41bee elementor-section-boxed elementor-section-height-default elementor-section-height-default\" data-id=\"db41bee\" data-element_type=\"section\">\n\t\t\t\t\t\t<div class=\"elementor-container elementor-column-gap-default\">\n\t\t\t\t\t<div class=\"elementor-column elementor-col-50 elementor-top-column elementor-element elementor-element-ea65438\" data-id=\"ea65438\" data-element_type=\"column\">\n\t\t\t<div class=\"elementor-widget-wrap elementor-element-populated\">\n\t\t\t\t\t\t<div class=\"elementor-element elementor-element-76a86ef elementor-widget elementor-widget-text-editor\" data-id=\"76a86ef\" data-element_type=\"widget\" data-widget_type=\"text-editor.default\">\n\t\t\t\t<div class=\"elementor-widget-container\">\n\t\t\t\t\t\t\t<h5><strong>Beneficios:<\/strong><\/h5>\t\t\t\t\t\t<\/div>\n\t\t\t\t<\/div>\n\t\t\t\t<div class=\"elementor-element elementor-element-3b51e13 elementor-widget elementor-widget-text-editor\" data-id=\"3b51e13\" data-element_type=\"widget\" data-widget_type=\"text-editor.default\">\n\t\t\t\t<div class=\"elementor-widget-container\">\n\t\t\t\t\t\t\t<ul><li>Indicaciones Universales-anteriores, posteriores, inlays, onlays y carillas.<\/li><li>Un fresado r\u00e1pido con m\u00e1s precisi\u00f3n e integraci\u00f3n marginal.<\/li><li>No hay necesidad de cocinar o sinterizar.<\/li><li>Se puede ajustar y reparar intraoralmente.<\/li><li>Est\u00e9tica con Fluorecencia.<\/li><li>Disponible en dos capaz y Discos 98mm.<\/li><li>Colores disponibles basado en la gu\u00eda vita cl\u00e1sica.<\/li><li>Fuerza Comprensiva 472mpa y Fuerza Flexible 191mpa.<\/li><\/ul>\t\t\t\t\t\t<\/div>\n\t\t\t\t<\/div>\n\t\t\t\t\t<\/div>\n\t\t<\/div>\n\t\t\t\t<div class=\"elementor-column elementor-col-50 elementor-top-column elementor-element elementor-element-49f8a2f\" data-id=\"49f8a2f\" data-element_type=\"column\">\n\t\t\t<div class=\"elementor-widget-wrap elementor-element-populated\">\n\t\t\t\t\t\t<div class=\"elementor-element elementor-element-3845f84 elementor-widget elementor-widget-image-carousel\" data-id=\"3845f84\" data-element_type=\"widget\" data-settings=\"{&quot;slides_to_show&quot;:&quot;1&quot;,&quot;navigation&quot;:&quot;none&quot;,&quot;autoplay_speed&quot;:3000,&quot;autoplay&quot;:&quot;yes&quot;,&quot;pause_on_hover&quot;:&quot;yes&quot;,&quot;pause_on_interaction&quot;:&quot;yes&quot;,&quot;infinite&quot;:&quot;yes&quot;,&quot;effect&quot;:&quot;slide&quot;,&quot;speed&quot;:500}\" data-widget_type=\"image-carousel.default\">\n\t\t\t\t<div class=\"elementor-widget-container\">\n\t\t\t<style>\/*! elementor - v3.23.0 - 23-07-2024 *\/\n.elementor-widget-image-carousel .swiper,.elementor-widget-image-carousel .swiper-container{position:static}.elementor-widget-image-carousel .swiper-container .swiper-slide figure,.elementor-widget-image-carousel .swiper .swiper-slide figure{line-height:inherit}.elementor-widget-image-carousel .swiper-slide{text-align:center}.elementor-image-carousel-wrapper:not(.swiper-container-initialized):not(.swiper-initialized) .swiper-slide{max-width:calc(100% \/ var(--e-image-carousel-slides-to-show, 3))}<\/style>\t\t<div class=\"elementor-image-carousel-wrapper swiper\" dir=\"ltr\">\n\t\t\t<div class=\"elementor-image-carousel swiper-wrapper\" aria-live=\"off\">\n\t\t\t\t\t\t\t\t<div class=\"swiper-slide\" role=\"group\" aria-roledescription=\"slide\" aria-label=\"1 de 2\"><figure class=\"swiper-slide-inner\"><img decoding=\"async\" class=\"swiper-slide-image\" src=\"https:\/\/denteeth.cl\/solucionesdigitales\/wp-content\/uploads\/2022\/06\/DISCO-HAC-SHOFU-1-300x300.png\" alt=\"DISCO HAC SHOFU 1\" \/><\/figure><\/div><div class=\"swiper-slide\" role=\"group\" aria-roledescription=\"slide\" aria-label=\"2 de 2\"><figure class=\"swiper-slide-inner\"><img decoding=\"async\" class=\"swiper-slide-image\" src=\"https:\/\/denteeth.cl\/solucionesdigitales\/wp-content\/uploads\/2022\/06\/DISCO-HC-SHOFU-2-300x300.png\" alt=\"DISCO HC SHOFU 2\" \/><\/figure><\/div>\t\t\t<\/div>\n\t\t\t\t\t\t\t\n\t\t\t\t\t\t\t\t\t<\/div>\n\t\t\t\t<\/div>\n\t\t\t\t<\/div>\n\t\t\t\t\t<\/div>\n\t\t<\/div>\n\t\t\t\t\t<\/div>\n\t\t<\/section>\n\t\t\t\t<section class=\"elementor-section elementor-top-section elementor-element elementor-element-2d5f16a7 elementor-section-boxed elementor-section-height-default elementor-section-height-default\" data-id=\"2d5f16a7\" data-element_type=\"section\">\n\t\t\t\t\t\t<div class=\"elementor-container elementor-column-gap-no\">\n\t\t\t\t\t<div class=\"elementor-column elementor-col-100 elementor-top-column elementor-element elementor-element-224dd627\" data-id=\"224dd627\" data-element_type=\"column\">\n\t\t\t<div class=\"elementor-widget-wrap elementor-element-populated\">\n\t\t\t\t\t\t<div class=\"elementor-element elementor-element-749260d1 elementor-widget elementor-widget-image-carousel\" data-id=\"749260d1\" data-element_type=\"widget\" data-settings=\"{&quot;slides_to_show&quot;:&quot;5&quot;,&quot;slides_to_show_tablet&quot;:&quot;5&quot;,&quot;slides_to_show_mobile&quot;:&quot;3&quot;,&quot;slides_to_scroll_tablet&quot;:&quot;1&quot;,&quot;slides_to_scroll_mobile&quot;:&quot;1&quot;,&quot;navigation&quot;:&quot;none&quot;,&quot;slides_to_scroll&quot;:&quot;1&quot;,&quot;pause_on_hover&quot;:&quot;no&quot;,&quot;pause_on_interaction&quot;:&quot;no&quot;,&quot;autoplay_speed&quot;:2000,&quot;autoplay&quot;:&quot;yes&quot;,&quot;infinite&quot;:&quot;yes&quot;,&quot;speed&quot;:500,&quot;image_spacing_custom&quot;:{&quot;unit&quot;:&quot;px&quot;,&quot;size&quot;:20,&quot;sizes&quot;:[]},&quot;image_spacing_custom_tablet&quot;:{&quot;unit&quot;:&quot;px&quot;,&quot;size&quot;:&quot;&quot;,&quot;sizes&quot;:[]},&quot;image_spacing_custom_mobile&quot;:{&quot;unit&quot;:&quot;px&quot;,&quot;size&quot;:&quot;&quot;,&quot;sizes&quot;:[]}}\" data-widget_type=\"image-carousel.default\">\n\t\t\t\t<div class=\"elementor-widget-container\">\n\t\t\t\t\t<div class=\"elementor-image-carousel-wrapper swiper\" dir=\"ltr\">\n\t\t\t<div class=\"elementor-image-carousel swiper-wrapper\" aria-live=\"off\">\n\t\t\t\t\t\t\t\t<div class=\"swiper-slide\" role=\"group\" aria-roledescription=\"slide\" aria-label=\"1 de 6\"><figure class=\"swiper-slide-inner\"><img decoding=\"async\" class=\"swiper-slide-image\" src=\"https:\/\/denteeth.cl\/solucionesdigitales\/wp-content\/uploads\/elementor\/thumbs\/CREALITY-DENTHEET-q49m2lrdvwyff5dyhk2xa4xkbz9ebprl7q2hdk4pym.png\" alt=\"CREALITY-DENTHEET\" \/><\/figure><\/div><div class=\"swiper-slide\" role=\"group\" aria-roledescription=\"slide\" aria-label=\"2 de 6\"><figure class=\"swiper-slide-inner\"><img decoding=\"async\" class=\"swiper-slide-image\" src=\"https:\/\/denteeth.cl\/solucionesdigitales\/wp-content\/uploads\/elementor\/thumbs\/PHROZEN-DENTHEET-q49m2piqn93kpl8hvlpfk3zepiqv6i6ik8ofanz59q.png\" alt=\"PHROZEN-DENTHEET\" \/><\/figure><\/div><div class=\"swiper-slide\" role=\"group\" aria-roledescription=\"slide\" aria-label=\"3 de 6\"><figure class=\"swiper-slide-inner\"><img decoding=\"async\" class=\"swiper-slide-image\" src=\"https:\/\/denteeth.cl\/solucionesdigitales\/wp-content\/uploads\/elementor\/thumbs\/UP3D-DENTHEET-q49m2sc97r7fof4ef4xb9l9shocytlhpkmmvqhuyr2.png\" alt=\"UP3D-DENTHEET\" \/><\/figure><\/div><div class=\"swiper-slide\" role=\"group\" aria-roledescription=\"slide\" aria-label=\"4 de 6\"><figure class=\"swiper-slide-inner\"><img decoding=\"async\" class=\"swiper-slide-image\" src=\"https:\/\/denteeth.cl\/solucionesdigitales\/wp-content\/uploads\/elementor\/thumbs\/ZETIN-DENTHEET-q49m2v5rs9ban90ayo56z2k69tz2goswl0lc6bqs8e.png\" alt=\"ZETIN-DENTHEET\" \/><\/figure><\/div><div class=\"swiper-slide\" role=\"group\" aria-roledescription=\"slide\" aria-label=\"5 de 6\"><figure class=\"swiper-slide-inner\"><img decoding=\"async\" class=\"swiper-slide-image\" src=\"https:\/\/denteeth.cl\/solucionesdigitales\/wp-content\/uploads\/elementor\/thumbs\/aidite-q49npow5hzub8pk6gljniq5omy116rc5o6eaeqisle.png\" alt=\"aidite\" \/><\/figure><\/div><div class=\"swiper-slide\" role=\"group\" aria-roledescription=\"slide\" aria-label=\"6 de 6\"><figure class=\"swiper-slide-inner\"><img decoding=\"async\" class=\"swiper-slide-image\" src=\"https:\/\/denteeth.cl\/solucionesdigitales\/wp-content\/uploads\/elementor\/thumbs\/komax-q49npptzotvlkbitb3ya37x58bweegfw0b1rw0hero.png\" alt=\"komax\" \/><\/figure><\/div>\t\t\t<\/div>\n\t\t\t\t\t\t\t\n\t\t\t\t\t\t\t\t\t<\/div>\n\t\t\t\t<\/div>\n\t\t\t\t<\/div>\n\t\t\t\t\t<\/div>\n\t\t<\/div>\n\t\t\t\t\t<\/div>\n\t\t<\/section>\n\t\t\t\t<\/div>\n\t\t","protected":false},"excerpt":{"rendered":"<p>Shofu Disco HC Material de restauraci\u00f3n CAD\/CAM a base de cer\u00e1mica para restauraciones duraderas y sin metal COMPRAR Est\u00e1 dise\u00f1ado para brindar una capacidad de hacer una restauraci\u00f3n al paciente en una sola cita. Shofu Block representa una nueva generaci\u00f3n de composites dise\u00f1ados para la generaci\u00f3n cad-cam.\u00a0 Cuenta con una f\u00f3rmula dise\u00f1ada para minimizar defectos [&hellip;]<\/p>\n","protected":false},"author":1,"featured_media":0,"parent":0,"menu_order":0,"comment_status":"closed","ping_status":"closed","template":"","meta":{"site-sidebar-layout":"no-sidebar","site-content-layout":"page-builder","ast-site-content-layout":"","site-content-style":"default","site-sidebar-style":"default","ast-global-header-display":"","ast-banner-title-visibility":"","ast-main-header-display":"","ast-hfb-above-header-display":"","ast-hfb-below-header-display":"","ast-hfb-mobile-header-display":"","site-post-title":"disabled","ast-breadcrumbs-content":"","ast-featured-img":"disabled","footer-sml-layout":"","theme-transparent-header-meta":"","adv-header-id-meta":"","stick-header-meta":"","header-above-stick-meta":"","header-main-stick-meta":"","header-below-stick-meta":"","astra-migrate-meta-layouts":"default","ast-page-background-enabled":"default","ast-page-background-meta":{"desktop":{"background-color":"","background-image":"","background-repeat":"repeat","background-position":"center center","background-size":"auto","background-attachment":"scroll","background-type":"","background-media":"","overlay-type":"","overlay-color":"","overlay-opacity":"","overlay-gradient":""},"tablet":{"background-color":"","background-image":"","background-repeat":"repeat","background-position":"center center","background-size":"auto","background-attachment":"scroll","background-type":"","background-media":"","overlay-type":"","overlay-color":"","overlay-opacity":"","overlay-gradient":""},"mobile":{"background-color":"","background-image":"","background-repeat":"repeat","background-position":"center center","background-size":"auto","background-attachment":"scroll","background-type":"","background-media":"","overlay-type":"","overlay-color":"","overlay-opacity":"","overlay-gradient":""}},"ast-content-background-meta":{"desktop":{"background-color":"var(--ast-global-color-5)","background-image":"","background-repeat":"repeat","background-position":"center center","background-size":"auto","background-attachment":"scroll","background-type":"","background-media":"","overlay-type":"","overlay-color":"","overlay-opacity":"","overlay-gradient":""},"tablet":{"background-color":"var(--ast-global-color-5)","background-image":"","background-repeat":"repeat","background-position":"center center","background-size":"auto","background-attachment":"scroll","background-type":"","background-media":"","overlay-type":"","overlay-color":"","overlay-opacity":"","overlay-gradient":""},"mobile":{"background-color":"var(--ast-global-color-5)","background-image":"","background-repeat":"repeat","background-position":"center center","background-size":"auto","background-attachment":"scroll","background-type":"","background-media":"","overlay-type":"","overlay-color":"","overlay-opacity":"","overlay-gradient":""}},"footnotes":""},"class_list":["post-6359","page","type-page","status-publish","hentry"],"_links":{"self":[{"href":"https:\/\/denteeth.cl\/solucionesdigitales\/wp-json\/wp\/v2\/pages\/6359"}],"collection":[{"href":"https:\/\/denteeth.cl\/solucionesdigitales\/wp-json\/wp\/v2\/pages"}],"about":[{"href":"https:\/\/denteeth.cl\/solucionesdigitales\/wp-json\/wp\/v2\/types\/page"}],"author":[{"embeddable":true,"href":"https:\/\/denteeth.cl\/solucionesdigitales\/wp-json\/wp\/v2\/users\/1"}],"replies":[{"embeddable":true,"href":"https:\/\/denteeth.cl\/solucionesdigitales\/wp-json\/wp\/v2\/comments?post=6359"}],"version-history":[{"count":3,"href":"https:\/\/denteeth.cl\/solucionesdigitales\/wp-json\/wp\/v2\/pages\/6359\/revisions"}],"predecessor-version":[{"id":7490,"href":"https:\/\/denteeth.cl\/solucionesdigitales\/wp-json\/wp\/v2\/pages\/6359\/revisions\/7490"}],"wp:attachment":[{"href":"https:\/\/denteeth.cl\/solucionesdigitales\/wp-json\/wp\/v2\/media?parent=6359"}],"curies":[{"name":"wp","href":"https:\/\/api.w.org\/{rel}","templated":true}]}}