{"id":3522,"date":"2022-04-04T04:28:06","date_gmt":"2022-04-04T04:28:06","guid":{"rendered":"https:\/\/denteeth.cl\/solucionesdigitales\/?page_id=3522"},"modified":"2024-07-23T20:15:58","modified_gmt":"2024-07-23T20:15:58","slug":"twin-cure","status":"publish","type":"page","link":"https:\/\/denteeth.cl\/solucionesdigitales\/twin-cure\/","title":{"rendered":"TWIN CURE"},"content":{"rendered":"\t\t<div data-elementor-type=\"wp-post\" data-elementor-id=\"3522\" class=\"elementor elementor-3522\">\n\t\t\t\t\t\t<section class=\"elementor-section elementor-top-section elementor-element elementor-element-783f4d2 elementor-section-full_width elementor-section-height-default elementor-section-height-default\" data-id=\"783f4d2\" data-element_type=\"section\">\n\t\t\t\t\t\t<div class=\"elementor-container elementor-column-gap-no\">\n\t\t\t\t\t<div class=\"elementor-column elementor-col-100 elementor-top-column elementor-element elementor-element-bc37991\" data-id=\"bc37991\" data-element_type=\"column\">\n\t\t\t<div class=\"elementor-widget-wrap elementor-element-populated\">\n\t\t\t\t\t\t<div class=\"elementor-element elementor-element-2a5f19d elementor-hidden-tablet elementor-hidden-mobile elementor-widget elementor-widget-image\" data-id=\"2a5f19d\" data-element_type=\"widget\" data-widget_type=\"image.default\">\n\t\t\t\t<div class=\"elementor-widget-container\">\n\t\t\t<style>\/*! elementor - v3.23.0 - 23-07-2024 *\/\n.elementor-widget-image{text-align:center}.elementor-widget-image a{display:inline-block}.elementor-widget-image a img[src$=\".svg\"]{width:48px}.elementor-widget-image img{vertical-align:middle;display:inline-block}<\/style>\t\t\t\t\t\t\t\t\t\t<img fetchpriority=\"high\" decoding=\"async\" width=\"2400\" height=\"1000\" src=\"https:\/\/denteeth.cl\/solucionesdigitales\/wp-content\/uploads\/2022\/04\/TWIN-CURE-DENTHEET.jpg\" class=\"attachment-full size-full wp-image-3548\" alt=\"\" srcset=\"https:\/\/denteeth.cl\/solucionesdigitales\/wp-content\/uploads\/2022\/04\/TWIN-CURE-DENTHEET.jpg 2400w, https:\/\/denteeth.cl\/solucionesdigitales\/wp-content\/uploads\/2022\/04\/TWIN-CURE-DENTHEET-300x125.jpg 300w, https:\/\/denteeth.cl\/solucionesdigitales\/wp-content\/uploads\/2022\/04\/TWIN-CURE-DENTHEET-1024x427.jpg 1024w, https:\/\/denteeth.cl\/solucionesdigitales\/wp-content\/uploads\/2022\/04\/TWIN-CURE-DENTHEET-768x320.jpg 768w, https:\/\/denteeth.cl\/solucionesdigitales\/wp-content\/uploads\/2022\/04\/TWIN-CURE-DENTHEET-1536x640.jpg 1536w, https:\/\/denteeth.cl\/solucionesdigitales\/wp-content\/uploads\/2022\/04\/TWIN-CURE-DENTHEET-2048x853.jpg 2048w, https:\/\/denteeth.cl\/solucionesdigitales\/wp-content\/uploads\/2022\/04\/TWIN-CURE-DENTHEET-600x250.jpg 600w\" sizes=\"(max-width: 2400px) 100vw, 2400px\" \/>\t\t\t\t\t\t\t\t\t\t\t\t\t<\/div>\n\t\t\t\t<\/div>\n\t\t\t\t<div class=\"elementor-element elementor-element-44967bb elementor-hidden-desktop elementor-widget elementor-widget-image\" data-id=\"44967bb\" data-element_type=\"widget\" data-widget_type=\"image.default\">\n\t\t\t\t<div class=\"elementor-widget-container\">\n\t\t\t\t\t\t\t\t\t\t\t\t\t<img decoding=\"async\" width=\"2400\" height=\"2400\" src=\"https:\/\/denteeth.cl\/solucionesdigitales\/wp-content\/uploads\/2022\/04\/TWIN-CURE.jpg\" class=\"attachment-full size-full wp-image-3549\" alt=\"\" srcset=\"https:\/\/denteeth.cl\/solucionesdigitales\/wp-content\/uploads\/2022\/04\/TWIN-CURE.jpg 2400w, https:\/\/denteeth.cl\/solucionesdigitales\/wp-content\/uploads\/2022\/04\/TWIN-CURE-300x300.jpg 300w, https:\/\/denteeth.cl\/solucionesdigitales\/wp-content\/uploads\/2022\/04\/TWIN-CURE-1024x1024.jpg 1024w, https:\/\/denteeth.cl\/solucionesdigitales\/wp-content\/uploads\/2022\/04\/TWIN-CURE-150x150.jpg 150w, https:\/\/denteeth.cl\/solucionesdigitales\/wp-content\/uploads\/2022\/04\/TWIN-CURE-768x768.jpg 768w, https:\/\/denteeth.cl\/solucionesdigitales\/wp-content\/uploads\/2022\/04\/TWIN-CURE-1536x1536.jpg 1536w, https:\/\/denteeth.cl\/solucionesdigitales\/wp-content\/uploads\/2022\/04\/TWIN-CURE-2048x2048.jpg 2048w, https:\/\/denteeth.cl\/solucionesdigitales\/wp-content\/uploads\/2022\/04\/TWIN-CURE-600x600.jpg 600w, https:\/\/denteeth.cl\/solucionesdigitales\/wp-content\/uploads\/2022\/04\/TWIN-CURE-100x100.jpg 100w\" sizes=\"(max-width: 2400px) 100vw, 2400px\" \/>\t\t\t\t\t\t\t\t\t\t\t\t\t<\/div>\n\t\t\t\t<\/div>\n\t\t\t\t\t<\/div>\n\t\t<\/div>\n\t\t\t\t\t<\/div>\n\t\t<\/section>\n\t\t\t\t<section class=\"elementor-section elementor-top-section elementor-element elementor-element-3eb0601 elementor-section-boxed elementor-section-height-default elementor-section-height-default\" data-id=\"3eb0601\" data-element_type=\"section\">\n\t\t\t\t\t\t<div class=\"elementor-container elementor-column-gap-default\">\n\t\t\t\t\t<div class=\"elementor-column elementor-col-33 elementor-top-column elementor-element elementor-element-cad9eb9\" data-id=\"cad9eb9\" data-element_type=\"column\">\n\t\t\t<div class=\"elementor-widget-wrap elementor-element-populated\">\n\t\t\t\t\t\t<div class=\"elementor-element elementor-element-ce66230 elementor-hidden-desktop elementor-hidden-mobile elementor-widget elementor-widget-spacer\" data-id=\"ce66230\" data-element_type=\"widget\" data-widget_type=\"spacer.default\">\n\t\t\t\t<div class=\"elementor-widget-container\">\n\t\t\t<style>\/*! elementor - v3.23.0 - 23-07-2024 *\/\n.elementor-column .elementor-spacer-inner{height:var(--spacer-size)}.e-con{--container-widget-width:100%}.e-con-inner>.elementor-widget-spacer,.e-con>.elementor-widget-spacer{width:var(--container-widget-width,var(--spacer-size));--align-self:var(--container-widget-align-self,initial);--flex-shrink:0}.e-con-inner>.elementor-widget-spacer>.elementor-widget-container,.e-con>.elementor-widget-spacer>.elementor-widget-container{height:100%;width:100%}.e-con-inner>.elementor-widget-spacer>.elementor-widget-container>.elementor-spacer,.e-con>.elementor-widget-spacer>.elementor-widget-container>.elementor-spacer{height:100%}.e-con-inner>.elementor-widget-spacer>.elementor-widget-container>.elementor-spacer>.elementor-spacer-inner,.e-con>.elementor-widget-spacer>.elementor-widget-container>.elementor-spacer>.elementor-spacer-inner{height:var(--container-widget-height,var(--spacer-size))}.e-con-inner>.elementor-widget-spacer.elementor-widget-empty,.e-con>.elementor-widget-spacer.elementor-widget-empty{position:relative;min-height:22px;min-width:22px}.e-con-inner>.elementor-widget-spacer.elementor-widget-empty .elementor-widget-empty-icon,.e-con>.elementor-widget-spacer.elementor-widget-empty .elementor-widget-empty-icon{position:absolute;top:0;bottom:0;left:0;right:0;margin:auto;padding:0;width:22px;height:22px}<\/style>\t\t<div class=\"elementor-spacer\">\n\t\t\t<div class=\"elementor-spacer-inner\"><\/div>\n\t\t<\/div>\n\t\t\t\t<\/div>\n\t\t\t\t<\/div>\n\t\t\t\t<div class=\"elementor-element elementor-element-2c927ae elementor-widget elementor-widget-image-carousel\" data-id=\"2c927ae\" data-element_type=\"widget\" data-settings=\"{&quot;slides_to_show&quot;:&quot;1&quot;,&quot;navigation&quot;:&quot;none&quot;,&quot;pause_on_hover&quot;:&quot;no&quot;,&quot;pause_on_interaction&quot;:&quot;no&quot;,&quot;autoplay&quot;:&quot;yes&quot;,&quot;autoplay_speed&quot;:5000,&quot;infinite&quot;:&quot;yes&quot;,&quot;effect&quot;:&quot;slide&quot;,&quot;speed&quot;:500}\" data-widget_type=\"image-carousel.default\">\n\t\t\t\t<div class=\"elementor-widget-container\">\n\t\t\t<style>\/*! elementor - v3.23.0 - 23-07-2024 *\/\n.elementor-widget-image-carousel .swiper,.elementor-widget-image-carousel .swiper-container{position:static}.elementor-widget-image-carousel .swiper-container .swiper-slide figure,.elementor-widget-image-carousel .swiper .swiper-slide figure{line-height:inherit}.elementor-widget-image-carousel .swiper-slide{text-align:center}.elementor-image-carousel-wrapper:not(.swiper-container-initialized):not(.swiper-initialized) .swiper-slide{max-width:calc(100% \/ var(--e-image-carousel-slides-to-show, 3))}<\/style>\t\t<div class=\"elementor-image-carousel-wrapper swiper\" dir=\"ltr\">\n\t\t\t<div class=\"elementor-image-carousel swiper-wrapper\" aria-live=\"off\">\n\t\t\t\t\t\t\t\t<div class=\"swiper-slide\" role=\"group\" aria-roledescription=\"slide\" aria-label=\"1 de 3\"><figure class=\"swiper-slide-inner\"><img decoding=\"async\" class=\"swiper-slide-image\" src=\"https:\/\/denteeth.cl\/solucionesdigitales\/wp-content\/uploads\/2022\/04\/imagen-1.png\" alt=\"imagen 1\" \/><\/figure><\/div><div class=\"swiper-slide\" role=\"group\" aria-roledescription=\"slide\" aria-label=\"2 de 3\"><figure class=\"swiper-slide-inner\"><img decoding=\"async\" class=\"swiper-slide-image\" src=\"https:\/\/denteeth.cl\/solucionesdigitales\/wp-content\/uploads\/2022\/04\/imagen-2.png\" alt=\"imagen 2\" \/><\/figure><\/div><div class=\"swiper-slide\" role=\"group\" aria-roledescription=\"slide\" aria-label=\"3 de 3\"><figure class=\"swiper-slide-inner\"><img decoding=\"async\" class=\"swiper-slide-image\" src=\"https:\/\/denteeth.cl\/solucionesdigitales\/wp-content\/uploads\/2022\/04\/imagen-3.png\" alt=\"imagen 3\" \/><\/figure><\/div>\t\t\t<\/div>\n\t\t\t\t\t\t\t\n\t\t\t\t\t\t\t\t\t<\/div>\n\t\t\t\t<\/div>\n\t\t\t\t<\/div>\n\t\t\t\t\t<\/div>\n\t\t<\/div>\n\t\t\t\t<div class=\"elementor-column elementor-col-66 elementor-top-column elementor-element elementor-element-db4a765\" data-id=\"db4a765\" data-element_type=\"column\">\n\t\t\t<div class=\"elementor-widget-wrap elementor-element-populated\">\n\t\t\t\t\t\t<div class=\"elementor-element elementor-element-b4495b6 elementor-hidden-mobile elementor-widget elementor-widget-spacer\" data-id=\"b4495b6\" data-element_type=\"widget\" data-widget_type=\"spacer.default\">\n\t\t\t\t<div class=\"elementor-widget-container\">\n\t\t\t\t\t<div class=\"elementor-spacer\">\n\t\t\t<div class=\"elementor-spacer-inner\"><\/div>\n\t\t<\/div>\n\t\t\t\t<\/div>\n\t\t\t\t<\/div>\n\t\t\t\t<div class=\"elementor-element elementor-element-4eb5330 elementor-widget elementor-widget-text-editor\" data-id=\"4eb5330\" data-element_type=\"widget\" data-widget_type=\"text-editor.default\">\n\t\t\t\t<div class=\"elementor-widget-container\">\n\t\t\t<style>\/*! elementor - v3.23.0 - 23-07-2024 *\/\n.elementor-widget-text-editor.elementor-drop-cap-view-stacked .elementor-drop-cap{background-color:#69727d;color:#fff}.elementor-widget-text-editor.elementor-drop-cap-view-framed .elementor-drop-cap{color:#69727d;border:3px solid;background-color:transparent}.elementor-widget-text-editor:not(.elementor-drop-cap-view-default) .elementor-drop-cap{margin-top:8px}.elementor-widget-text-editor:not(.elementor-drop-cap-view-default) .elementor-drop-cap-letter{width:1em;height:1em}.elementor-widget-text-editor .elementor-drop-cap{float:left;text-align:center;line-height:1;font-size:50px}.elementor-widget-text-editor .elementor-drop-cap-letter{display:inline-block}<\/style>\t\t\t\t<p>\u00abTwin Cure\u00bb es una m\u00e1quina de curado r\u00e1pido para objetos impresos en 3D. Tiene un buen rendimiento de estabilidad de volumen.<\/p><p>Prop\u00f3sito: Curado para resina de impresi\u00f3n 3D<\/p><p>Curado de resinas curables con luz ultravioleta<\/p><p>Longitud de onda 365+405 nm<\/p>\t\t\t\t\t\t<\/div>\n\t\t\t\t<\/div>\n\t\t\t\t<section class=\"elementor-section elementor-inner-section elementor-element elementor-element-f9fbfaf elementor-section-boxed elementor-section-height-default elementor-section-height-default\" data-id=\"f9fbfaf\" data-element_type=\"section\">\n\t\t\t\t\t\t<div class=\"elementor-container elementor-column-gap-default\">\n\t\t\t\t\t<div class=\"elementor-column elementor-col-50 elementor-inner-column elementor-element elementor-element-14ed472\" data-id=\"14ed472\" data-element_type=\"column\">\n\t\t\t<div class=\"elementor-widget-wrap elementor-element-populated\">\n\t\t\t\t\t\t<div class=\"elementor-element elementor-element-70572e3d elementor-align-center elementor-mobile-align-center elementor-widget elementor-widget-button\" data-id=\"70572e3d\" data-element_type=\"widget\" data-widget_type=\"button.default\">\n\t\t\t\t<div class=\"elementor-widget-container\">\n\t\t\t\t\t<div class=\"elementor-button-wrapper\">\n\t\t\t<a class=\"elementor-button elementor-button-link elementor-size-sm elementor-animation-bounce-in\" href=\"https:\/\/denteeth.cl\/solucionesdigitales\/cotizacion-de-equipos\/\">\n\t\t\t\t\t\t<span class=\"elementor-button-content-wrapper\">\n\t\t\t\t\t\t\t\t\t<span class=\"elementor-button-text\">QUIERO M\u00c1S INFORMACI\u00d3N<\/span>\n\t\t\t\t\t<\/span>\n\t\t\t\t\t<\/a>\n\t\t<\/div>\n\t\t\t\t<\/div>\n\t\t\t\t<\/div>\n\t\t\t\t\t<\/div>\n\t\t<\/div>\n\t\t\t\t<div class=\"elementor-column elementor-col-50 elementor-inner-column elementor-element elementor-element-e5cb941\" data-id=\"e5cb941\" data-element_type=\"column\">\n\t\t\t<div class=\"elementor-widget-wrap elementor-element-populated\">\n\t\t\t\t\t\t<div class=\"elementor-element elementor-element-20df1fa0 elementor-align-center elementor-mobile-align-center elementor-widget elementor-widget-button\" data-id=\"20df1fa0\" data-element_type=\"widget\" data-widget_type=\"button.default\">\n\t\t\t\t<div class=\"elementor-widget-container\">\n\t\t\t\t\t<div class=\"elementor-button-wrapper\">\n\t\t\t<a class=\"elementor-button elementor-button-link elementor-size-sm elementor-animation-bounce-in\" href=\"https:\/\/wa.me\/56977085901\">\n\t\t\t\t\t\t<span class=\"elementor-button-content-wrapper\">\n\t\t\t\t\t\t\t\t\t<span class=\"elementor-button-text\">QUIERO COMPRARLO<\/span>\n\t\t\t\t\t<\/span>\n\t\t\t\t\t<\/a>\n\t\t<\/div>\n\t\t\t\t<\/div>\n\t\t\t\t<\/div>\n\t\t\t\t\t<\/div>\n\t\t<\/div>\n\t\t\t\t\t<\/div>\n\t\t<\/section>\n\t\t\t\t<div class=\"elementor-element elementor-element-17e2bd6 elementor-widget elementor-widget-spacer\" data-id=\"17e2bd6\" data-element_type=\"widget\" data-widget_type=\"spacer.default\">\n\t\t\t\t<div class=\"elementor-widget-container\">\n\t\t\t\t\t<div class=\"elementor-spacer\">\n\t\t\t<div class=\"elementor-spacer-inner\"><\/div>\n\t\t<\/div>\n\t\t\t\t<\/div>\n\t\t\t\t<\/div>\n\t\t\t\t<div class=\"elementor-element elementor-element-568ef16 elementor-widget elementor-widget-text-editor\" data-id=\"568ef16\" data-element_type=\"widget\" data-widget_type=\"text-editor.default\">\n\t\t\t\t<div class=\"elementor-widget-container\">\n\t\t\t\t\t\t\t<p><strong>Caracter\u00edsticas y beneficios<\/strong><\/p><ul><li>Longitud de onda doble (365+405nm)<\/li><li>Curado r\u00e1pido y estable (irradiaci\u00f3n lgith de 7 v\u00edas)<\/li><li>C\u00e1mara grande (\u00f8 140 x 80 mm)<\/li><li>Mesa giratoria autom\u00e1tica<\/li><li>Varios modos de irradiaci\u00f3n (delantero y tapa, espalda y tapa, AI)<\/li><li>Varios tiempos (10 min, 20 min, 30 min)<\/li><\/ul>\t\t\t\t\t\t<\/div>\n\t\t\t\t<\/div>\n\t\t\t\t\t<\/div>\n\t\t<\/div>\n\t\t\t\t\t<\/div>\n\t\t<\/section>\n\t\t\t\t<section class=\"elementor-section elementor-top-section elementor-element elementor-element-7f6ac27 elementor-section-boxed elementor-section-height-default elementor-section-height-default\" data-id=\"7f6ac27\" data-element_type=\"section\" data-settings=\"{&quot;background_background&quot;:&quot;classic&quot;}\">\n\t\t\t\t\t\t<div class=\"elementor-container elementor-column-gap-default\">\n\t\t\t\t\t<div class=\"elementor-column elementor-col-33 elementor-top-column elementor-element elementor-element-9aab20e\" data-id=\"9aab20e\" data-element_type=\"column\">\n\t\t\t<div class=\"elementor-widget-wrap elementor-element-populated\">\n\t\t\t\t\t\t<div class=\"elementor-element elementor-element-3c10f9a elementor-hidden-tablet elementor-hidden-mobile elementor-widget elementor-widget-spacer\" data-id=\"3c10f9a\" data-element_type=\"widget\" data-widget_type=\"spacer.default\">\n\t\t\t\t<div class=\"elementor-widget-container\">\n\t\t\t\t\t<div class=\"elementor-spacer\">\n\t\t\t<div class=\"elementor-spacer-inner\"><\/div>\n\t\t<\/div>\n\t\t\t\t<\/div>\n\t\t\t\t<\/div>\n\t\t\t\t<div class=\"elementor-element elementor-element-bcede12 elementor-widget elementor-widget-image-carousel\" data-id=\"bcede12\" data-element_type=\"widget\" data-settings=\"{&quot;slides_to_show&quot;:&quot;1&quot;,&quot;navigation&quot;:&quot;none&quot;,&quot;autoplay&quot;:&quot;yes&quot;,&quot;pause_on_hover&quot;:&quot;yes&quot;,&quot;pause_on_interaction&quot;:&quot;yes&quot;,&quot;autoplay_speed&quot;:5000,&quot;infinite&quot;:&quot;yes&quot;,&quot;effect&quot;:&quot;slide&quot;,&quot;speed&quot;:500}\" data-widget_type=\"image-carousel.default\">\n\t\t\t\t<div class=\"elementor-widget-container\">\n\t\t\t\t\t<div class=\"elementor-image-carousel-wrapper swiper\" dir=\"ltr\">\n\t\t\t<div class=\"elementor-image-carousel swiper-wrapper\" aria-live=\"off\">\n\t\t\t\t\t\t\t\t<div class=\"swiper-slide\" role=\"group\" aria-roledescription=\"slide\" aria-label=\"1 de 1\"><figure class=\"swiper-slide-inner\"><img decoding=\"async\" class=\"swiper-slide-image\" src=\"https:\/\/denteeth.cl\/solucionesdigitales\/wp-content\/uploads\/2022\/04\/imagen-1-1.png\" alt=\"imagen 1\" \/><\/figure><\/div>\t\t\t<\/div>\n\t\t\t\t\t<\/div>\n\t\t\t\t<\/div>\n\t\t\t\t<\/div>\n\t\t\t\t\t<\/div>\n\t\t<\/div>\n\t\t\t\t<div class=\"elementor-column elementor-col-66 elementor-top-column elementor-element elementor-element-b1c87ca\" data-id=\"b1c87ca\" data-element_type=\"column\">\n\t\t\t<div class=\"elementor-widget-wrap elementor-element-populated\">\n\t\t\t\t\t\t<div class=\"elementor-element elementor-element-772cc9e elementor-widget elementor-widget-spacer\" data-id=\"772cc9e\" data-element_type=\"widget\" data-widget_type=\"spacer.default\">\n\t\t\t\t<div class=\"elementor-widget-container\">\n\t\t\t\t\t<div class=\"elementor-spacer\">\n\t\t\t<div class=\"elementor-spacer-inner\"><\/div>\n\t\t<\/div>\n\t\t\t\t<\/div>\n\t\t\t\t<\/div>\n\t\t\t\t<div class=\"elementor-element elementor-element-3c5a719 elementor-widget elementor-widget-image\" data-id=\"3c5a719\" data-element_type=\"widget\" data-widget_type=\"image.default\">\n\t\t\t\t<div class=\"elementor-widget-container\">\n\t\t\t\t\t\t\t\t\t\t\t\t\t<img decoding=\"async\" width=\"1024\" height=\"338\" src=\"https:\/\/denteeth.cl\/solucionesdigitales\/wp-content\/uploads\/2022\/04\/TWIN-CURE-1-1024x338.jpg\" class=\"attachment-large size-large wp-image-3555\" alt=\"\" srcset=\"https:\/\/denteeth.cl\/solucionesdigitales\/wp-content\/uploads\/2022\/04\/TWIN-CURE-1-1024x338.jpg 1024w, https:\/\/denteeth.cl\/solucionesdigitales\/wp-content\/uploads\/2022\/04\/TWIN-CURE-1-300x99.jpg 300w, https:\/\/denteeth.cl\/solucionesdigitales\/wp-content\/uploads\/2022\/04\/TWIN-CURE-1-768x253.jpg 768w, https:\/\/denteeth.cl\/solucionesdigitales\/wp-content\/uploads\/2022\/04\/TWIN-CURE-1-1536x507.jpg 1536w, https:\/\/denteeth.cl\/solucionesdigitales\/wp-content\/uploads\/2022\/04\/TWIN-CURE-1-2048x676.jpg 2048w, https:\/\/denteeth.cl\/solucionesdigitales\/wp-content\/uploads\/2022\/04\/TWIN-CURE-1-600x198.jpg 600w\" sizes=\"(max-width: 1024px) 100vw, 1024px\" \/>\t\t\t\t\t\t\t\t\t\t\t\t\t<\/div>\n\t\t\t\t<\/div>\n\t\t\t\t\t<\/div>\n\t\t<\/div>\n\t\t\t\t\t<\/div>\n\t\t<\/section>\n\t\t\t\t<section class=\"elementor-section elementor-top-section elementor-element elementor-element-41997c93 elementor-section-boxed elementor-section-height-default elementor-section-height-default\" data-id=\"41997c93\" data-element_type=\"section\">\n\t\t\t\t\t\t<div class=\"elementor-container elementor-column-gap-no\">\n\t\t\t\t\t<div class=\"elementor-column elementor-col-100 elementor-top-column elementor-element elementor-element-5d877e50\" data-id=\"5d877e50\" data-element_type=\"column\">\n\t\t\t<div class=\"elementor-widget-wrap elementor-element-populated\">\n\t\t\t\t\t\t<div class=\"elementor-element elementor-element-108e75 elementor-widget elementor-widget-image-carousel\" data-id=\"108e75\" data-element_type=\"widget\" data-settings=\"{&quot;slides_to_show&quot;:&quot;5&quot;,&quot;slides_to_show_tablet&quot;:&quot;5&quot;,&quot;slides_to_show_mobile&quot;:&quot;3&quot;,&quot;slides_to_scroll_tablet&quot;:&quot;1&quot;,&quot;slides_to_scroll_mobile&quot;:&quot;1&quot;,&quot;navigation&quot;:&quot;none&quot;,&quot;slides_to_scroll&quot;:&quot;1&quot;,&quot;pause_on_hover&quot;:&quot;no&quot;,&quot;pause_on_interaction&quot;:&quot;no&quot;,&quot;autoplay_speed&quot;:2000,&quot;autoplay&quot;:&quot;yes&quot;,&quot;infinite&quot;:&quot;yes&quot;,&quot;speed&quot;:500,&quot;image_spacing_custom&quot;:{&quot;unit&quot;:&quot;px&quot;,&quot;size&quot;:20,&quot;sizes&quot;:[]},&quot;image_spacing_custom_tablet&quot;:{&quot;unit&quot;:&quot;px&quot;,&quot;size&quot;:&quot;&quot;,&quot;sizes&quot;:[]},&quot;image_spacing_custom_mobile&quot;:{&quot;unit&quot;:&quot;px&quot;,&quot;size&quot;:&quot;&quot;,&quot;sizes&quot;:[]}}\" data-widget_type=\"image-carousel.default\">\n\t\t\t\t<div class=\"elementor-widget-container\">\n\t\t\t\t\t<div class=\"elementor-image-carousel-wrapper swiper\" dir=\"ltr\">\n\t\t\t<div class=\"elementor-image-carousel swiper-wrapper\" aria-live=\"off\">\n\t\t\t\t\t\t\t\t<div class=\"swiper-slide\" role=\"group\" aria-roledescription=\"slide\" aria-label=\"1 de 6\"><figure class=\"swiper-slide-inner\"><img decoding=\"async\" class=\"swiper-slide-image\" src=\"https:\/\/denteeth.cl\/solucionesdigitales\/wp-content\/uploads\/elementor\/thumbs\/CREALITY-DENTHEET-q49m2lrdvwyff5dyhk2xa4xkbz9ebprl7q2hdk4pym.png\" alt=\"CREALITY-DENTHEET\" \/><\/figure><\/div><div class=\"swiper-slide\" role=\"group\" aria-roledescription=\"slide\" aria-label=\"2 de 6\"><figure class=\"swiper-slide-inner\"><img decoding=\"async\" class=\"swiper-slide-image\" src=\"https:\/\/denteeth.cl\/solucionesdigitales\/wp-content\/uploads\/elementor\/thumbs\/PHROZEN-DENTHEET-q49m2piqn93kpl8hvlpfk3zepiqv6i6ik8ofanz59q.png\" alt=\"PHROZEN-DENTHEET\" \/><\/figure><\/div><div class=\"swiper-slide\" role=\"group\" aria-roledescription=\"slide\" aria-label=\"3 de 6\"><figure class=\"swiper-slide-inner\"><img decoding=\"async\" class=\"swiper-slide-image\" src=\"https:\/\/denteeth.cl\/solucionesdigitales\/wp-content\/uploads\/elementor\/thumbs\/UP3D-DENTHEET-q49m2sc97r7fof4ef4xb9l9shocytlhpkmmvqhuyr2.png\" alt=\"UP3D-DENTHEET\" \/><\/figure><\/div><div class=\"swiper-slide\" role=\"group\" aria-roledescription=\"slide\" aria-label=\"4 de 6\"><figure class=\"swiper-slide-inner\"><img decoding=\"async\" class=\"swiper-slide-image\" src=\"https:\/\/denteeth.cl\/solucionesdigitales\/wp-content\/uploads\/elementor\/thumbs\/ZETIN-DENTHEET-q49m2v5rs9ban90ayo56z2k69tz2goswl0lc6bqs8e.png\" alt=\"ZETIN-DENTHEET\" \/><\/figure><\/div><div class=\"swiper-slide\" role=\"group\" aria-roledescription=\"slide\" aria-label=\"5 de 6\"><figure class=\"swiper-slide-inner\"><img decoding=\"async\" class=\"swiper-slide-image\" src=\"https:\/\/denteeth.cl\/solucionesdigitales\/wp-content\/uploads\/elementor\/thumbs\/aidite-q49npow5hzub8pk6gljniq5omy116rc5o6eaeqisle.png\" alt=\"aidite\" \/><\/figure><\/div><div class=\"swiper-slide\" role=\"group\" aria-roledescription=\"slide\" aria-label=\"6 de 6\"><figure class=\"swiper-slide-inner\"><img decoding=\"async\" class=\"swiper-slide-image\" src=\"https:\/\/denteeth.cl\/solucionesdigitales\/wp-content\/uploads\/elementor\/thumbs\/komax-q49npptzotvlkbitb3ya37x58bweegfw0b1rw0hero.png\" alt=\"komax\" \/><\/figure><\/div>\t\t\t<\/div>\n\t\t\t\t\t\t\t\n\t\t\t\t\t\t\t\t\t<\/div>\n\t\t\t\t<\/div>\n\t\t\t\t<\/div>\n\t\t\t\t\t<\/div>\n\t\t<\/div>\n\t\t\t\t\t<\/div>\n\t\t<\/section>\n\t\t\t\t<\/div>\n\t\t","protected":false},"excerpt":{"rendered":"<p>\u00abTwin Cure\u00bb es una m\u00e1quina de curado r\u00e1pido para objetos impresos en 3D. Tiene un buen rendimiento de estabilidad de volumen. Prop\u00f3sito: Curado para resina de impresi\u00f3n 3D Curado de resinas curables con luz ultravioleta Longitud de onda 365+405 nm QUIERO M\u00c1S INFORMACI\u00d3N QUIERO COMPRARLO Caracter\u00edsticas y beneficios Longitud de onda doble (365+405nm) Curado r\u00e1pido [&hellip;]<\/p>\n","protected":false},"author":1,"featured_media":0,"parent":0,"menu_order":0,"comment_status":"closed","ping_status":"closed","template":"","meta":{"site-sidebar-layout":"no-sidebar","site-content-layout":"page-builder","ast-site-content-layout":"","site-content-style":"default","site-sidebar-style":"default","ast-global-header-display":"","ast-banner-title-visibility":"","ast-main-header-display":"","ast-hfb-above-header-display":"","ast-hfb-below-header-display":"","ast-hfb-mobile-header-display":"","site-post-title":"disabled","ast-breadcrumbs-content":"","ast-featured-img":"disabled","footer-sml-layout":"","theme-transparent-header-meta":"","adv-header-id-meta":"","stick-header-meta":"","header-above-stick-meta":"","header-main-stick-meta":"","header-below-stick-meta":"","astra-migrate-meta-layouts":"default","ast-page-background-enabled":"default","ast-page-background-meta":{"desktop":{"background-color":"","background-image":"","background-repeat":"repeat","background-position":"center center","background-size":"auto","background-attachment":"scroll","background-type":"","background-media":"","overlay-type":"","overlay-color":"","overlay-opacity":"","overlay-gradient":""},"tablet":{"background-color":"","background-image":"","background-repeat":"repeat","background-position":"center center","background-size":"auto","background-attachment":"scroll","background-type":"","background-media":"","overlay-type":"","overlay-color":"","overlay-opacity":"","overlay-gradient":""},"mobile":{"background-color":"","background-image":"","background-repeat":"repeat","background-position":"center center","background-size":"auto","background-attachment":"scroll","background-type":"","background-media":"","overlay-type":"","overlay-color":"","overlay-opacity":"","overlay-gradient":""}},"ast-content-background-meta":{"desktop":{"background-color":"var(--ast-global-color-5)","background-image":"","background-repeat":"repeat","background-position":"center center","background-size":"auto","background-attachment":"scroll","background-type":"","background-media":"","overlay-type":"","overlay-color":"","overlay-opacity":"","overlay-gradient":""},"tablet":{"background-color":"var(--ast-global-color-5)","background-image":"","background-repeat":"repeat","background-position":"center center","background-size":"auto","background-attachment":"scroll","background-type":"","background-media":"","overlay-type":"","overlay-color":"","overlay-opacity":"","overlay-gradient":""},"mobile":{"background-color":"var(--ast-global-color-5)","background-image":"","background-repeat":"repeat","background-position":"center center","background-size":"auto","background-attachment":"scroll","background-type":"","background-media":"","overlay-type":"","overlay-color":"","overlay-opacity":"","overlay-gradient":""}},"footnotes":""},"class_list":["post-3522","page","type-page","status-publish","hentry"],"_links":{"self":[{"href":"https:\/\/denteeth.cl\/solucionesdigitales\/wp-json\/wp\/v2\/pages\/3522"}],"collection":[{"href":"https:\/\/denteeth.cl\/solucionesdigitales\/wp-json\/wp\/v2\/pages"}],"about":[{"href":"https:\/\/denteeth.cl\/solucionesdigitales\/wp-json\/wp\/v2\/types\/page"}],"author":[{"embeddable":true,"href":"https:\/\/denteeth.cl\/solucionesdigitales\/wp-json\/wp\/v2\/users\/1"}],"replies":[{"embeddable":true,"href":"https:\/\/denteeth.cl\/solucionesdigitales\/wp-json\/wp\/v2\/comments?post=3522"}],"version-history":[{"count":3,"href":"https:\/\/denteeth.cl\/solucionesdigitales\/wp-json\/wp\/v2\/pages\/3522\/revisions"}],"predecessor-version":[{"id":7439,"href":"https:\/\/denteeth.cl\/solucionesdigitales\/wp-json\/wp\/v2\/pages\/3522\/revisions\/7439"}],"wp:attachment":[{"href":"https:\/\/denteeth.cl\/solucionesdigitales\/wp-json\/wp\/v2\/media?parent=3522"}],"curies":[{"name":"wp","href":"https:\/\/api.w.org\/{rel}","templated":true}]}}